{"id":46,"date":"2017-05-06T16:35:59","date_gmt":"2017-05-06T16:35:59","guid":{"rendered":"https:\/\/www.usta-aalen.de\/?page_id=46"},"modified":"2019-09-11T10:51:22","modified_gmt":"2019-09-11T08:51:22","slug":"admin","status":"publish","type":"page","link":"https:\/\/www.usta-aalen.de\/en\/diverses\/admin\/","title":{"rendered":"Admin"},"content":{"rendered":"<section class=\"l-section wpb_row height_large\"><div class=\"l-section-h i-cf\"><div class=\"g-cols vc_row via_flex valign_top type_default stacking_default\"><div class=\"vc_col-sm-12 wpb_column vc_column_container\"><div class=\"vc_column-inner\"><div class=\"wpb_wrapper\"><div class=\"ult-spacer spacer-6a06db0459a4f\" data-id=\"6a06db0459a4f\" data-height=\"50\" data-height-mobile=\"10\" data-height-tab=\"20\" data-height-tab-portrait=\"20\" data-height-mobile-landscape=\"10\" style=\"clear:both;display:block;\"><\/div><div class=\"g-cols wpb_row via_flex valign_top type_default stacking_default\"><div class=\"vc_col-sm-6 wpb_column vc_column_container\"><div class=\"vc_column-inner\"><div class=\"wpb_wrapper\"><div class=\"aio-icon-component    style_3\"><a class=\"aio-icon-box-link\" href=\"#Helfen\" ><div id=\"Info-box-wrap-9183\" class=\"aio-icon-box top-icon\" style=\"\"  ><div class=\"aio-icon-top\"><div class=\"ult-just-icon-wrapper  \"><div class=\"align-icon\" style=\"text-align:center;\">\n<div class=\"aio-icon advanced \" data-animation=\"rollIn\" data-animation-delay=\"03\" style=\"color:#006ab3;background:#ffffff;border-style:outset;border-color:#006ab3;border-width:6px;width:80px;height:80px;line-height:80px;border-radius:700px;font-size:35px;display:inline-block;\">\n\t<i class=\"Defaults-group users\"><\/i>\n<\/div><\/div><\/div><\/div><div class=\"aio-icon-header\" ><h3 class=\"aio-icon-title ult-responsive\"  data-ultimate-target='#Info-box-wrap-9183 .aio-icon-title'  data-responsive-json-new='{\"font-size\":\"desktop:25px;\",\"line-height\":\"\"}'  style=\"color:#006ab3;\">Ich m\u00f6chte helfen<\/h3><\/div> <!-- header --><\/div> <!-- aio-icon-box --><\/a><\/div> <!-- aio-icon-component --><\/div><\/div><\/div><div class=\"vc_col-sm-6 wpb_column vc_column_container\"><div class=\"vc_column-inner\"><div class=\"wpb_wrapper\"><div class=\"aio-icon-component    style_3\"><a class=\"aio-icon-box-link\" href=\"\/kontakt?thema=Admin\" ><div id=\"Info-box-wrap-6911\" class=\"aio-icon-box top-icon\" style=\"\"  ><div class=\"aio-icon-top\"><div class=\"ult-just-icon-wrapper  \"><div class=\"align-icon\" style=\"text-align:center;\">\n<div class=\"aio-icon advanced \" data-animation=\"rollIn\" data-animation-delay=\"03\" style=\"color:#006ab3;background:#ffffff;border-style:outset;border-color:#006ab3;border-width:6px;width:80px;height:80px;line-height:80px;border-radius:700px;font-size:35px;display:inline-block;\">\n\t<i class=\"Defaults-envelope\"><\/i>\n<\/div><\/div><\/div><\/div><div class=\"aio-icon-header\" ><h3 class=\"aio-icon-title ult-responsive\"  data-ultimate-target='#Info-box-wrap-6911 .aio-icon-title'  data-responsive-json-new='{\"font-size\":\"desktop:25px;\",\"line-height\":\"\"}'  style=\"color:#006ab3;\">Kontakt<\/h3><\/div> <!-- header --><\/div> <!-- aio-icon-box --><\/a><\/div> <!-- aio-icon-component --><\/div><\/div><\/div><\/div><\/div><\/div><\/div><\/div><\/div><\/section><section class=\"l-section wpb_row height_medium color_alternate\"><div class=\"l-section-h i-cf\"><div class=\"g-cols vc_row via_flex valign_middle type_default stacking_default\"><div class=\"vc_col-sm-8 wpb_column vc_column_container\"><div class=\"vc_column-inner\"><div class=\"wpb_wrapper\"><div class=\"wpb_text_column\"><div class=\"wpb_wrapper\"><p>Ob Mailing-Liste oder Cloud, Website oder Server \u2013 unser Admin-Team hat entscheidenden Anteil am Funktionieren des UStA \u2013 Hochschule Aalen. Es ist der Leim, der alles zusammenh\u00e4lt, denn es betreut die Tools und Angebote, die den UStA erst richtig arbeitsf\u00e4hig machen.<\/p>\n<\/div><\/div><\/div><\/div><\/div><div class=\"vc_col-sm-4 wpb_column vc_column_container\"><div class=\"vc_column-inner\"><div class=\"wpb_wrapper\"><div class=\"w-image align_none\"><div class=\"w-image-h\"><img decoding=\"async\" width=\"350\" height=\"350\" src=\"https:\/\/www.usta-aalen.de\/wp-content\/uploads\/2017\/05\/Admin_small-350x350.png\" class=\"attachment-us_350_350_crop size-us_350_350_crop\" alt=\"\" loading=\"lazy\" srcset=\"https:\/\/www.usta-aalen.de\/wp-content\/uploads\/2017\/05\/Admin_small-350x350.png 350w, https:\/\/www.usta-aalen.de\/wp-content\/uploads\/2017\/05\/Admin_small-150x150.png 150w, https:\/\/www.usta-aalen.de\/wp-content\/uploads\/2017\/05\/Admin_small-300x300.png 300w, https:\/\/www.usta-aalen.de\/wp-content\/uploads\/2017\/05\/Admin_small.png 600w\" sizes=\"auto, (max-width: 350px) 100vw, 350px\" \/><\/div><\/div><\/div><\/div><\/div><\/div><\/div><\/section><section class=\"l-section wpb_row height_large\" id=\"Helfen\"><div class=\"l-section-h i-cf\"><div class=\"g-cols vc_row via_flex valign_top type_default stacking_default\"><div class=\"vc_col-sm-12 wpb_column vc_column_container\"><div class=\"vc_column-inner\"><div class=\"wpb_wrapper\"><div class=\"w-separator size_large with_line width_30 thick_1 style_solid color_border align_center with_text with_content\"><div class=\"w-separator-h\"><h2 class=\"w-separator-text\"><span>Ich m\u00f6chte helfen<\/span><\/h2><\/div><\/div><div class=\"g-cols wpb_row via_flex valign_top type_default stacking_default\"><div class=\"vc_col-sm-3 wpb_column vc_column_container\"><div class=\"vc_column-inner\"><div class=\"wpb_wrapper\"><div class=\"w-image align_none\"><div class=\"w-image-h\"><img decoding=\"async\" width=\"252\" height=\"300\" src=\"https:\/\/www.usta-aalen.de\/wp-content\/uploads\/2017\/05\/Gruppenbild-252x300.png\" class=\"attachment-medium size-medium\" alt=\"\" loading=\"lazy\" srcset=\"https:\/\/www.usta-aalen.de\/wp-content\/uploads\/2017\/05\/Gruppenbild-252x300.png 252w, https:\/\/www.usta-aalen.de\/wp-content\/uploads\/2017\/05\/Gruppenbild-600x714.png 600w, https:\/\/www.usta-aalen.de\/wp-content\/uploads\/2017\/05\/Gruppenbild.png 621w\" sizes=\"auto, (max-width: 252px) 100vw, 252px\" \/><\/div><\/div><\/div><\/div><\/div><div class=\"vc_col-sm-9 wpb_column vc_column_container\"><div class=\"vc_column-inner\"><div class=\"wpb_wrapper\"><div class=\"wpb_text_column\"><div class=\"wpb_wrapper\"><p>Hast du Lust und Laune dich ein wenig zu engagieren, dein Studium vergn\u00fcglicher zu gestalten, hilfreiche Erfahrungen und Workloads zu sammeln?<\/p>\n<p>Dann w\u00fcrden wir uns \u00fcber deinen Besuch bei einer unserer Sitzungen sehr freuen. So bekommst du am schnellsten einen Einblick darin, was der UStA &#8211; Hochschule Aalen alles organisiert und wie du selbst mitmachen kannst.<\/p>\n<p><strong>W\u00f6chentliche UStA-Sitzung<\/strong><br \/>\nWann: Montags um 19:15 Uhr<br \/>\nWo: UStA-B\u00fcro (Raum 204)<\/p>\n<\/div><\/div><\/div><\/div><\/div><\/div><\/div><\/div><\/div><\/div><\/div><\/section>\n","protected":false},"excerpt":{"rendered":"Ich m\u00f6chte helfen Kontakt Ob Mailing-Liste oder Cloud, Website oder Server \u2013 unser Admin-Team hat entscheidenden Anteil am Funktionieren des UStA \u2013 Hochschule Aalen. Es ist der Leim, der alles zusammenh\u00e4lt, denn es betreut die Tools und Angebote, die den UStA erst richtig arbeitsf\u00e4hig machen. Ich m\u00f6chte helfenHast du Lust und Laune dich ein wenig...","protected":false},"author":8,"featured_media":0,"parent":21,"menu_order":0,"comment_status":"closed","ping_status":"closed","template":"","meta":{"footnotes":""},"class_list":["post-46","page","type-page","status-publish","hentry"],"translation":{"provider":"WPGlobus","version":"3.0.2","language":"en","enabled_languages":["de","en"],"languages":{"de":{"title":true,"content":true,"excerpt":false},"en":{"title":false,"content":false,"excerpt":false}}},"yoast_head":"<!-- This site is optimized with the Yoast SEO plugin v27.6 - https:\/\/yoast.com\/product\/yoast-seo-wordpress\/ -->\n<title>Admin - UStA - Hochschule Aalen<\/title>\n<meta name=\"robots\" content=\"index, follow, max-snippet:-1, max-image-preview:large, max-video-preview:-1\" \/>\n<link rel=\"canonical\" href=\"https:\/\/www.usta-aalen.de\/diverses\/admin\/\" \/>\n<meta property=\"og:locale\" content=\"en_US\" \/>\n<meta property=\"og:type\" content=\"article\" \/>\n<meta property=\"og:title\" content=\"Admin - UStA - Hochschule Aalen\" \/>\n<meta property=\"og:url\" content=\"https:\/\/www.usta-aalen.de\/diverses\/admin\/\" \/>\n<meta property=\"og:site_name\" content=\"UStA - Hochschule Aalen\" \/>\n<meta property=\"article:modified_time\" content=\"2019-09-11T08:51:22+00:00\" \/>\n<meta name=\"twitter:card\" content=\"summary_large_image\" \/>\n<meta name=\"twitter:label1\" content=\"Est. reading time\" \/>\n\t<meta name=\"twitter:data1\" content=\"2 minutes\" \/>\n<script type=\"application\/ld+json\" class=\"yoast-schema-graph\">{\"@context\":\"https:\\\/\\\/schema.org\",\"@graph\":[{\"@type\":\"WebPage\",\"@id\":\"https:\\\/\\\/www.usta-aalen.de\\\/diverses\\\/admin\\\/\",\"url\":\"https:\\\/\\\/www.usta-aalen.de\\\/diverses\\\/admin\\\/\",\"name\":\"Admin - UStA - Hochschule Aalen\",\"isPartOf\":{\"@id\":\"https:\\\/\\\/www.usta-aalen.de\\\/#website\"},\"datePublished\":\"2017-05-06T16:35:59+00:00\",\"dateModified\":\"2019-09-11T08:51:22+00:00\",\"breadcrumb\":{\"@id\":\"https:\\\/\\\/www.usta-aalen.de\\\/diverses\\\/admin\\\/#breadcrumb\"},\"inLanguage\":\"en-US\",\"potentialAction\":[{\"@type\":\"ReadAction\",\"target\":[\"https:\\\/\\\/www.usta-aalen.de\\\/diverses\\\/admin\\\/\"]}]},{\"@type\":\"BreadcrumbList\",\"@id\":\"https:\\\/\\\/www.usta-aalen.de\\\/diverses\\\/admin\\\/#breadcrumb\",\"itemListElement\":[{\"@type\":\"ListItem\",\"position\":1,\"name\":\"Startseite\",\"item\":\"https:\\\/\\\/www.usta-aalen.de\\\/\"},{\"@type\":\"ListItem\",\"position\":2,\"name\":\"Diverses\",\"item\":\"https:\\\/\\\/www.usta-aalen.de\\\/diverses\\\/\"},{\"@type\":\"ListItem\",\"position\":3,\"name\":\"Admin\"}]},{\"@type\":\"WebSite\",\"@id\":\"https:\\\/\\\/www.usta-aalen.de\\\/#website\",\"url\":\"https:\\\/\\\/www.usta-aalen.de\\\/\",\"name\":\"UStA - Hochschule Aalen\",\"description\":\"Website of UStA - Hochschule Aalen\",\"potentialAction\":[{\"@type\":\"SearchAction\",\"target\":{\"@type\":\"EntryPoint\",\"urlTemplate\":\"https:\\\/\\\/www.usta-aalen.de\\\/?s={search_term_string}\"},\"query-input\":{\"@type\":\"PropertyValueSpecification\",\"valueRequired\":true,\"valueName\":\"search_term_string\"}}],\"inLanguage\":\"en-US\"}]}<\/script>\n<!-- \/ Yoast SEO plugin. -->","yoast_head_json":{"title":"Admin - UStA - Hochschule Aalen","robots":{"index":"index","follow":"follow","max-snippet":"max-snippet:-1","max-image-preview":"max-image-preview:large","max-video-preview":"max-video-preview:-1"},"canonical":"https:\/\/www.usta-aalen.de\/diverses\/admin\/","og_locale":"en_US","og_type":"article","og_title":"Admin - UStA - Hochschule Aalen","og_url":"https:\/\/www.usta-aalen.de\/diverses\/admin\/","og_site_name":"UStA - Hochschule Aalen","article_modified_time":"2019-09-11T08:51:22+00:00","twitter_card":"summary_large_image","twitter_misc":{"Est. reading time":"2 minutes"},"schema":{"@context":"https:\/\/schema.org","@graph":[{"@type":"WebPage","@id":"https:\/\/www.usta-aalen.de\/diverses\/admin\/","url":"https:\/\/www.usta-aalen.de\/diverses\/admin\/","name":"Admin - UStA - Hochschule Aalen","isPartOf":{"@id":"https:\/\/www.usta-aalen.de\/#website"},"datePublished":"2017-05-06T16:35:59+00:00","dateModified":"2019-09-11T08:51:22+00:00","breadcrumb":{"@id":"https:\/\/www.usta-aalen.de\/diverses\/admin\/#breadcrumb"},"inLanguage":"en-US","potentialAction":[{"@type":"ReadAction","target":["https:\/\/www.usta-aalen.de\/diverses\/admin\/"]}]},{"@type":"BreadcrumbList","@id":"https:\/\/www.usta-aalen.de\/diverses\/admin\/#breadcrumb","itemListElement":[{"@type":"ListItem","position":1,"name":"Startseite","item":"https:\/\/www.usta-aalen.de\/"},{"@type":"ListItem","position":2,"name":"Diverses","item":"https:\/\/www.usta-aalen.de\/diverses\/"},{"@type":"ListItem","position":3,"name":"Admin"}]},{"@type":"WebSite","@id":"https:\/\/www.usta-aalen.de\/#website","url":"https:\/\/www.usta-aalen.de\/","name":"UStA - Hochschule Aalen","description":"Website of UStA - Hochschule Aalen","potentialAction":[{"@type":"SearchAction","target":{"@type":"EntryPoint","urlTemplate":"https:\/\/www.usta-aalen.de\/?s={search_term_string}"},"query-input":{"@type":"PropertyValueSpecification","valueRequired":true,"valueName":"search_term_string"}}],"inLanguage":"en-US"}]}},"_links":{"self":[{"href":"https:\/\/www.usta-aalen.de\/en\/wp-json\/wp\/v2\/pages\/46","targetHints":{"allow":["GET"]}}],"collection":[{"href":"https:\/\/www.usta-aalen.de\/en\/wp-json\/wp\/v2\/pages"}],"about":[{"href":"https:\/\/www.usta-aalen.de\/en\/wp-json\/wp\/v2\/types\/page"}],"author":[{"embeddable":true,"href":"https:\/\/www.usta-aalen.de\/en\/wp-json\/wp\/v2\/users\/8"}],"replies":[{"embeddable":true,"href":"https:\/\/www.usta-aalen.de\/en\/wp-json\/wp\/v2\/comments?post=46"}],"version-history":[{"count":22,"href":"https:\/\/www.usta-aalen.de\/en\/wp-json\/wp\/v2\/pages\/46\/revisions"}],"predecessor-version":[{"id":6578,"href":"https:\/\/www.usta-aalen.de\/en\/wp-json\/wp\/v2\/pages\/46\/revisions\/6578"}],"up":[{"embeddable":true,"href":"https:\/\/www.usta-aalen.de\/en\/wp-json\/wp\/v2\/pages\/21"}],"wp:attachment":[{"href":"https:\/\/www.usta-aalen.de\/en\/wp-json\/wp\/v2\/media?parent=46"}],"curies":[{"name":"wp","href":"https:\/\/api.w.org\/{rel}","templated":true}]}}