{"id":38,"date":"2017-05-06T16:34:49","date_gmt":"2017-05-06T16:34:49","guid":{"rendered":"https:\/\/www.usta-aalen.de\/?page_id=38"},"modified":"2023-10-07T19:46:23","modified_gmt":"2023-10-07T17:46:23","slug":"kino","status":"publish","type":"page","link":"https:\/\/www.usta-aalen.de\/en\/veranstaltungen\/kino\/","title":{"rendered":"Kino"},"content":{"rendered":"<section class=\"l-section wpb_row height_auto width_full\"><div class=\"l-section-h i-cf\"><div class=\"g-cols vc_row via_flex valign_top type_default stacking_default\"><div class=\"vc_col-sm-12 wpb_column vc_column_container\"><div class=\"vc_column-inner\"><div class=\"wpb_wrapper\">[rev_slider_vc alias=&#8221;kino&#8221;]<\/div><\/div><\/div><\/div><\/div><\/section><section class=\"l-section wpb_row height_large\"><div class=\"l-section-h i-cf\"><div class=\"g-cols vc_row via_flex valign_top type_default stacking_default\"><div class=\"vc_col-sm-12 wpb_column vc_column_container\"><div class=\"vc_column-inner\"><div class=\"wpb_wrapper\"><div class=\"ult-spacer spacer-6a095a9845f3f\" data-id=\"6a095a9845f3f\" data-height=\"50\" data-height-mobile=\"10\" data-height-tab=\"20\" data-height-tab-portrait=\"20\" data-height-mobile-landscape=\"10\" style=\"clear:both;display:block;\"><\/div><div class=\"g-cols wpb_row via_flex valign_top type_default stacking_default\"><div class=\"vc_col-sm-4 wpb_column vc_column_container\"><div class=\"vc_column-inner\"><div class=\"wpb_wrapper\"><div class=\"aio-icon-component    style_3\"><a class=\"aio-icon-box-link\" href=\"#Kinoprogramm\" ><div id=\"Info-box-wrap-1414\" class=\"aio-icon-box top-icon\" style=\"\"  ><div class=\"aio-icon-top\"><div class=\"ult-just-icon-wrapper  \"><div class=\"align-icon\" style=\"text-align:center;\">\n<div class=\"aio-icon advanced \" data-animation=\"rollIn\" data-animation-delay=\"03\" style=\"color:#006ab3;background:#ffffff;border-style:outset;border-color:#006ab3;border-width:6px;width:80px;height:80px;line-height:80px;border-radius:700px;font-size:35px;display:inline-block;\">\n\t<i class=\"Defaults-film\"><\/i>\n<\/div><\/div><\/div><\/div><div class=\"aio-icon-header\" ><h3 class=\"aio-icon-title ult-responsive\"  data-ultimate-target='#Info-box-wrap-1414 .aio-icon-title'  data-responsive-json-new='{\"font-size\":\"desktop:25px;\",\"line-height\":\"\"}'  style=\"color:#006ab3;\">Kinoprogramm<\/h3><\/div> <!-- header --><\/div> <!-- aio-icon-box --><\/a><\/div> <!-- aio-icon-component --><\/div><\/div><\/div><div class=\"vc_col-sm-4 wpb_column vc_column_container\"><div class=\"vc_column-inner\"><div class=\"wpb_wrapper\"><div class=\"aio-icon-component    style_3\"><a class=\"aio-icon-box-link\" href=\"#Helfen\" ><div id=\"Info-box-wrap-7112\" class=\"aio-icon-box top-icon\" style=\"\"  ><div class=\"aio-icon-top\"><div class=\"ult-just-icon-wrapper  \"><div class=\"align-icon\" style=\"text-align:center;\">\n<div class=\"aio-icon advanced \" data-animation=\"rollIn\" data-animation-delay=\"03\" style=\"color:#006ab3;background:#ffffff;border-style:outset;border-color:#006ab3;border-width:6px;width:80px;height:80px;line-height:80px;border-radius:700px;font-size:35px;display:inline-block;\">\n\t<i class=\"Defaults-group users\"><\/i>\n<\/div><\/div><\/div><\/div><div class=\"aio-icon-header\" ><h3 class=\"aio-icon-title ult-responsive\"  data-ultimate-target='#Info-box-wrap-7112 .aio-icon-title'  data-responsive-json-new='{\"font-size\":\"desktop:25px;\",\"line-height\":\"\"}'  style=\"color:#006ab3;\">Ich m\u00f6chte helfen<\/h3><\/div> <!-- header --><\/div> <!-- aio-icon-box --><\/a><\/div> <!-- aio-icon-component --><\/div><\/div><\/div><div class=\"vc_col-sm-4 wpb_column vc_column_container\"><div class=\"vc_column-inner\"><div class=\"wpb_wrapper\"><div class=\"aio-icon-component    style_3\"><a class=\"aio-icon-box-link\" href=\"\/kontakt?thema=Kino\" ><div id=\"Info-box-wrap-1029\" class=\"aio-icon-box top-icon\" style=\"\"  ><div class=\"aio-icon-top\"><div class=\"ult-just-icon-wrapper  \"><div class=\"align-icon\" style=\"text-align:center;\">\n<div class=\"aio-icon advanced \" data-animation=\"rollIn\" data-animation-delay=\"03\" style=\"color:#006ab3;background:#ffffff;border-style:outset;border-color:#006ab3;border-width:6px;width:80px;height:80px;line-height:80px;border-radius:700px;font-size:35px;display:inline-block;\">\n\t<i class=\"Defaults-envelope\"><\/i>\n<\/div><\/div><\/div><\/div><div class=\"aio-icon-header\" ><h3 class=\"aio-icon-title ult-responsive\"  data-ultimate-target='#Info-box-wrap-1029 .aio-icon-title'  data-responsive-json-new='{\"font-size\":\"desktop:25px;\",\"line-height\":\"\"}'  style=\"color:#006ab3;\">Kontakt<\/h3><\/div> <!-- header --><\/div> <!-- aio-icon-box --><\/a><\/div> <!-- aio-icon-component --><\/div><\/div><\/div><\/div><\/div><\/div><\/div><\/div><\/div><\/section><section class=\"l-section wpb_row height_medium color_alternate\"><div class=\"l-section-h i-cf\"><div class=\"g-cols vc_row via_flex valign_middle type_default stacking_default\"><div class=\"vc_col-sm-8 wpb_column vc_column_container\"><div class=\"vc_column-inner\"><div class=\"wpb_wrapper\"><div class=\"wpb_text_column\"><div class=\"wpb_wrapper\"><p>Uuuuund: Action! In unserem Hochschulkino pr\u00e4sentieren wir euch \u00fcber das Semester verteilt die besten, tollsten und kultigsten Filme.<\/p>\n<p>In Zusammenarbeit mit dem Netzwerk unifilm.de bringen wir Kinofeeling in den Audimax. Ob Hollywoodblockbuster oder anspruchsvolle Arthouse-Filme, wir sorgen f\u00fcr ein individuelles und abwechslungsreiches Programm. Unser Hochschulkino ist ein H\u00f6rsaalkino f\u00fcr alle Studierenden und anderen Angeh\u00f6rigen von Hochschulen in Deutschland.<\/p>\n<\/div><\/div><div class=\"wpb_text_column\"><div class=\"wpb_wrapper\"><p><span style=\"color: #d9dadb;\"><em>UStA Aalen e.V.<\/em><\/span><\/p>\n<\/div><\/div><\/div><\/div><\/div><div class=\"vc_col-sm-4 wpb_column vc_column_container\"><div class=\"vc_column-inner\"><div class=\"wpb_wrapper\"><div class=\"w-image align_none\"><div class=\"w-image-h\"><img decoding=\"async\" width=\"300\" height=\"300\" src=\"https:\/\/www.usta-aalen.de\/wp-content\/uploads\/2017\/05\/Logo_Kino_UStA-Hochschule-Aalen-300x300.png\" class=\"attachment-medium size-medium\" alt=\"\" loading=\"lazy\" srcset=\"https:\/\/www.usta-aalen.de\/wp-content\/uploads\/2017\/05\/Logo_Kino_UStA-Hochschule-Aalen-300x300.png 300w, https:\/\/www.usta-aalen.de\/wp-content\/uploads\/2017\/05\/Logo_Kino_UStA-Hochschule-Aalen-150x150.png 150w, https:\/\/www.usta-aalen.de\/wp-content\/uploads\/2017\/05\/Logo_Kino_UStA-Hochschule-Aalen-768x768.png 768w, https:\/\/www.usta-aalen.de\/wp-content\/uploads\/2017\/05\/Logo_Kino_UStA-Hochschule-Aalen-1024x1024.png 1024w, https:\/\/www.usta-aalen.de\/wp-content\/uploads\/2017\/05\/Logo_Kino_UStA-Hochschule-Aalen-600x600.png 600w, https:\/\/www.usta-aalen.de\/wp-content\/uploads\/2017\/05\/Logo_Kino_UStA-Hochschule-Aalen-350x350.png 350w, https:\/\/www.usta-aalen.de\/wp-content\/uploads\/2017\/05\/Logo_Kino_UStA-Hochschule-Aalen.png 1876w\" sizes=\"auto, (max-width: 300px) 100vw, 300px\" \/><\/div><\/div><\/div><\/div><\/div><\/div><\/div><\/section><section class=\"l-section wpb_row height_large\"><div class=\"l-section-h i-cf\"><div class=\"g-cols vc_row via_flex valign_top type_default stacking_default\"><div class=\"vc_col-sm-12 wpb_column vc_column_container\"><div class=\"vc_column-inner\"><div class=\"wpb_wrapper\"><div class=\"w-separator size_large with_line width_30 thick_1 style_solid color_border align_center with_text with_content\"><div class=\"w-separator-h\"><h2 class=\"w-separator-text\"><span>Programmheft<\/span><\/h2><\/div><\/div><div class=\"g-cols wpb_row via_flex valign_top type_default stacking_default\"><div class=\"vc_col-sm-6 wpb_column vc_column_container\"><div class=\"vc_column-inner\"><div class=\"wpb_wrapper\"><div class=\"w-separator size_medium with_line width_30 thick_1 style_solid color_border align_center with_text with_content\"><div class=\"w-separator-h\"><h4 class=\"w-separator-text\"><span>R\u00fcckblick<\/span><\/h4><\/div><\/div><div class=\"ult-spacer spacer-6a095a98481b8\" data-id=\"6a095a98481b8\" data-height=\"10\" data-height-mobile=\"5\" data-height-tab=\"5\" data-height-tab-portrait=\"5\" data-height-mobile-landscape=\"5\" style=\"clear:both;display:block;\"><\/div><div class=\"wpb_text_column\"><div class=\"wpb_wrapper\">\n<table id=\"tablepress-2\" class=\"tablepress tablepress-id-2\">\n<tbody class=\"row-striping row-hover\">\n<tr class=\"row-1\">\n\t<td class=\"column-1\"><img loading=\"lazy\" decoding=\"async\" src=\"https:\/\/www.usta-aalen.de\/wp-content\/uploads\/2019\/10\/Kino_PH_WiSe-2019-20.jpg\" alt=\"\" width=\"106\" height=\"150\" class=\"alignnone size-full wp-image-6809\" \/><\/td><td class=\"column-2\"><a href=\"https:\/\/www.usta-aalen.de\/wp-content\/uploads\/2019\/10\/Kino_PH_SoSe-2019.pdf\" rel=\"noopener\" target=\"_blank\">Sommersemester 2019\/20 | Download<\/a><\/td>\n<\/tr>\n<tr class=\"row-2\">\n\t<td class=\"column-1\"><img loading=\"lazy\" decoding=\"async\" src=\"https:\/\/www.usta-aalen.de\/wp-content\/uploads\/2019\/10\/UStA-Hochschulkino-2019-SoSe_Seite_01-e1570543576970.jpg\" alt=\"\" width=\"106\" height=\"150\" class=\"alignnone size-full wp-image-6824\" \/><\/td><td class=\"column-2\"><a href=\"https:\/\/www.usta-aalen.de\/wp-content\/uploads\/2019\/10\/Kino_PH_WiSe-2019-20.pdf\" rel=\"noopener\" target=\"_blank\">Wintersemester 2018  | Download<\/a><\/td>\n<\/tr>\n<\/tbody>\n<\/table>\n<!-- #tablepress-2 from cache -->\n<\/div><\/div><\/div><\/div><\/div><div class=\"vc_col-sm-6 wpb_column vc_column_container\"><div class=\"vc_column-inner\"><div class=\"wpb_wrapper\"><div class=\"w-separator size_medium with_line width_30 thick_1 style_solid color_border align_center with_text with_content\"><div class=\"w-separator-h\"><h4 class=\"w-separator-text\"><span>Aktuell<\/span><\/h4><\/div><\/div><div class=\"w-image us_custom_477dc45f style_shadow-1 align_center\"><a title=\"Kino_PH_WiSe2019-20\" href=\"https:\/\/www.usta-aalen.de\/wp-content\/uploads\/flipbook\/1\/book.html\" aria-label=\"Kino_PH_WiSe-2019-20\" class=\"w-image-h\"><img decoding=\"async\" width=\"300\" height=\"423\" src=\"https:\/\/www.usta-aalen.de\/wp-content\/uploads\/2019\/10\/Kino_PH_WiSe-2019-20.jpg\" class=\"attachment-us_300_0 size-us_300_0\" alt=\"\" loading=\"lazy\" \/><\/a><\/div><\/div><\/div><\/div><\/div><\/div><\/div><\/div><\/div><\/div><\/section><section class=\"l-section wpb_row height_large color_alternate\" id=\"programm\"><div class=\"l-section-h i-cf\"><div class=\"g-cols vc_row via_flex valign_top type_default stacking_default\"><div class=\"vc_col-sm-12 wpb_column vc_column_container\"><div class=\"vc_column-inner\"><div class=\"wpb_wrapper\"><div class=\"w-separator size_large with_line width_30 thick_1 style_solid color_border align_center with_text with_content\"><div class=\"w-separator-h\"><h2 class=\"w-separator-text\"><span>Unser Kinoprogramm<\/span><\/h2><\/div><\/div><div class=\"g-cols wpb_row via_flex valign_top type_default stacking_default\"><div class=\"vc_col-sm-12 wpb_column vc_column_container\"><div class=\"vc_column-inner\"><div class=\"wpb_wrapper\"><div class=\"wpb_text_column\"><div class=\"wpb_wrapper\"><div class=\"cff-wrapper\"><div class=\"cff-wrapper-ctn \" style=\"background-color:#f7f9f9; \"><div id=\"cff\" data-char=\"200\" class=\"cff  cff-mob-cols-1 cff-tab-cols-1  cff-half-layout cff-doing-gdpr cff-all-reviews cff-nojs  cff-lightbox cff-lb\" style=\"width:100%; \" data-fb-text=\"Ansehen\" data-offset=\"\" data-own-token=\"true\" data-grid-pag=\"cursor\" data-lb-comments=\"false\" data-pag-num=\"10\" data-cff-shortcode=\"{&quot;id&quot;: &quot;Kino.HS.Aalen&quot;, &quot;accesstoken&quot;: &quot;EAAGyHLlss1sBAFVxVbPGuEsV02Sb981f26534g75h091287a46p5l63cfNZApKOt6uuGVFRZAHbIB3TG0ZBABFNRanOSn4r22OS9yKUYYX5KQPZCIUuopNrwU87x4bRe89DzHWDzZByF1XMRLXtW2INmluUgCIoEPBUVZAkre7lM8pFWgZAQTyza4fsGbUoQbRd2mDKZBCaZCgZDZD&quot;, &quot;type&quot;: &quot;events&quot;, &quot;bgcolor&quot;: &quot;#f7f9f9&quot;, &quot;postbgcolor&quot;: &quot;#FFFFFF&quot;, &quot;loadmore&quot;: &quot;false&quot;, &quot;buttoncolor&quot;: &quot;#FFFFFF&quot;, &quot;ownaccesstoken&quot;: &quot;on&quot;}\" data-postid=\"38\" data-cff-flags=\"gdpr\"><svg width=\"24px\" height=\"24px\" version=\"1.1\" xmlns=\"http:\/\/www.w3.org\/2000\/svg\" xmlns:xlink=\"http:\/\/www.w3.org\/1999\/xlink\" class=\"cff-screenreader\" role=\"img\" aria-labelledby=\"metaSVGid metaSVGdesc\"><title id=\"metaSVGid\">Comments Box SVG icons<\/title><desc id=\"metaSVGdesc\">Used for the like, share, comment, and reaction icons<\/desc><defs><linearGradient id=\"angryGrad\" x1=\"0\" x2=\"0\" y1=\"0\" y2=\"1\"><stop offset=\"0%\" stop-color=\"#f9ae9e\" \/><stop offset=\"70%\" stop-color=\"#ffe7a4\" \/><\/linearGradient><linearGradient id=\"likeGrad\"><stop offset=\"25%\" stop-color=\"rgba(0,0,0,0.05)\" \/><stop offset=\"26%\" stop-color=\"rgba(255,255,255,0.7)\" \/><\/linearGradient><linearGradient id=\"likeGradHover\"><stop offset=\"25%\" stop-color=\"#a3caff\" \/><stop offset=\"26%\" stop-color=\"#fff\" \/><\/linearGradient><linearGradient id=\"likeGradDark\"><stop offset=\"25%\" stop-color=\"rgba(255,255,255,0.5)\" \/><stop offset=\"26%\" stop-color=\"rgba(255,255,255,0.7)\" \/><\/linearGradient><\/defs><\/svg><div class=\"cff-posts-wrap\"><p class=\"cff-no-events\">Keine bevorstehende Veranstaltungen<\/p><\/div><span class=\"cff_resized_image_data\" data-feedid=\"cff_ej_10p\" data-resized=\"[]\"><\/span><\/div><\/div><div class=\"cff-clear\"><\/div><\/div>\n<\/div><\/div><\/div><\/div><\/div><\/div><div class=\"ult-spacer spacer-6a095a9887169\" data-id=\"6a095a9887169\" data-height=\"50\" data-height-mobile=\"10\" data-height-tab=\"20\" data-height-tab-portrait=\"20\" data-height-mobile-landscape=\"10\" style=\"clear:both;display:block;\"><\/div><div class=\"w-separator size_large with_line width_30 thick_1 style_solid color_border align_center with_text with_content\"><div class=\"w-separator-h\"><h4 class=\"w-separator-text\"><span>Vergangene Vorf\u00fchrungen<\/span><\/h4><\/div><\/div><\/div><\/div><\/div><\/div><\/div><\/section><section class=\"l-section wpb_row height_large\" id=\"Helfen\"><div class=\"l-section-h i-cf\"><div class=\"g-cols vc_row via_flex valign_top type_default stacking_default\"><div class=\"vc_col-sm-12 wpb_column vc_column_container\"><div class=\"vc_column-inner\"><div class=\"wpb_wrapper\"><div class=\"w-separator size_large with_line width_30 thick_1 style_solid color_border align_center with_text with_content\"><div class=\"w-separator-h\"><h2 class=\"w-separator-text\"><span>Ich m\u00f6chte helfen<\/span><\/h2><\/div><\/div><div class=\"g-cols wpb_row via_flex valign_top type_default stacking_default\"><div class=\"vc_col-sm-3 wpb_column vc_column_container\"><div class=\"vc_column-inner\"><div class=\"wpb_wrapper\"><div class=\"w-image align_none\"><div class=\"w-image-h\"><img decoding=\"async\" width=\"252\" height=\"300\" src=\"https:\/\/www.usta-aalen.de\/wp-content\/uploads\/2017\/05\/Gruppenbild-252x300.png\" class=\"attachment-medium size-medium\" alt=\"\" loading=\"lazy\" srcset=\"https:\/\/www.usta-aalen.de\/wp-content\/uploads\/2017\/05\/Gruppenbild-252x300.png 252w, https:\/\/www.usta-aalen.de\/wp-content\/uploads\/2017\/05\/Gruppenbild-600x714.png 600w, https:\/\/www.usta-aalen.de\/wp-content\/uploads\/2017\/05\/Gruppenbild.png 621w\" sizes=\"auto, (max-width: 252px) 100vw, 252px\" \/><\/div><\/div><\/div><\/div><\/div><div class=\"vc_col-sm-9 wpb_column vc_column_container\"><div class=\"vc_column-inner\"><div class=\"wpb_wrapper\"><div class=\"wpb_text_column\"><div class=\"wpb_wrapper\"><p>Hast du Lust und Laune dich ein wenig zu engagieren, dein Studium vergn\u00fcglicher zu gestalten, hilfreiche Erfahrungen und Workloads zu sammeln?<\/p>\n<p>Dann w\u00fcrden wir uns \u00fcber deinen Besuch bei einer unserer Sitzungen sehr freuen. So bekommst du am schnellsten einen Einblick darin, was der UStA &#8211; Hochschule Aalen alles organisiert und wie du selbst mitmachen kannst.<\/p>\n<p><strong>W\u00f6chentliche UStA-Sitzung<\/strong><br \/>\nWann: Montags um 19:15 Uhr<br \/>\nWo: UStA-B\u00fcro (Raum 204)<\/p>\n<\/div><\/div><\/div><\/div><\/div><\/div><\/div><\/div><\/div><\/div><\/div><\/section>\n","protected":false},"excerpt":{"rendered":"[rev_slider_vc alias=\"kino\"] Kinoprogramm Ich m\u00f6chte helfen Kontakt Uuuuund: Action! In unserem Hochschulkino pr\u00e4sentieren wir euch \u00fcber das Semester verteilt die besten, tollsten und kultigsten Filme. In Zusammenarbeit mit dem Netzwerk unifilm.de bringen wir Kinofeeling in den Audimax. Ob Hollywoodblockbuster oder anspruchsvolle Arthouse-Filme, wir sorgen f\u00fcr ein individuelles und abwechslungsreiches Programm. Unser Hochschulkino ist ein H\u00f6rsaalkino...","protected":false},"author":8,"featured_media":0,"parent":96,"menu_order":0,"comment_status":"closed","ping_status":"closed","template":"","meta":{"footnotes":""},"class_list":["post-38","page","type-page","status-publish","hentry"],"translation":{"provider":"WPGlobus","version":"3.0.2","language":"en","enabled_languages":["de","en"],"languages":{"de":{"title":true,"content":true,"excerpt":false},"en":{"title":false,"content":false,"excerpt":false}}},"yoast_head":"<!-- This site is optimized with the Yoast SEO plugin v27.6 - https:\/\/yoast.com\/product\/yoast-seo-wordpress\/ -->\n<title>Kino - UStA - Hochschule Aalen<\/title>\n<meta name=\"robots\" content=\"index, follow, max-snippet:-1, max-image-preview:large, max-video-preview:-1\" \/>\n<link rel=\"canonical\" href=\"https:\/\/www.usta-aalen.de\/veranstaltungen\/kino\/\" \/>\n<meta property=\"og:locale\" content=\"en_US\" \/>\n<meta property=\"og:type\" content=\"article\" \/>\n<meta property=\"og:title\" content=\"Kino - UStA - Hochschule Aalen\" \/>\n<meta property=\"og:url\" content=\"https:\/\/www.usta-aalen.de\/veranstaltungen\/kino\/\" \/>\n<meta property=\"og:site_name\" content=\"UStA - Hochschule Aalen\" \/>\n<meta property=\"article:modified_time\" content=\"2023-10-07T17:46:23+00:00\" \/>\n<meta name=\"twitter:card\" content=\"summary_large_image\" \/>\n<meta name=\"twitter:label1\" content=\"Est. reading time\" \/>\n\t<meta name=\"twitter:data1\" content=\"2 minutes\" \/>\n<script type=\"application\/ld+json\" class=\"yoast-schema-graph\">{\"@context\":\"https:\\\/\\\/schema.org\",\"@graph\":[{\"@type\":\"WebPage\",\"@id\":\"https:\\\/\\\/www.usta-aalen.de\\\/veranstaltungen\\\/kino\\\/\",\"url\":\"https:\\\/\\\/www.usta-aalen.de\\\/veranstaltungen\\\/kino\\\/\",\"name\":\"Kino - UStA - Hochschule Aalen\",\"isPartOf\":{\"@id\":\"https:\\\/\\\/www.usta-aalen.de\\\/#website\"},\"datePublished\":\"2017-05-06T16:34:49+00:00\",\"dateModified\":\"2023-10-07T17:46:23+00:00\",\"breadcrumb\":{\"@id\":\"https:\\\/\\\/www.usta-aalen.de\\\/veranstaltungen\\\/kino\\\/#breadcrumb\"},\"inLanguage\":\"en-US\",\"potentialAction\":[{\"@type\":\"ReadAction\",\"target\":[\"https:\\\/\\\/www.usta-aalen.de\\\/veranstaltungen\\\/kino\\\/\"]}]},{\"@type\":\"BreadcrumbList\",\"@id\":\"https:\\\/\\\/www.usta-aalen.de\\\/veranstaltungen\\\/kino\\\/#breadcrumb\",\"itemListElement\":[{\"@type\":\"ListItem\",\"position\":1,\"name\":\"Startseite\",\"item\":\"https:\\\/\\\/www.usta-aalen.de\\\/\"},{\"@type\":\"ListItem\",\"position\":2,\"name\":\"Veranstaltungen\",\"item\":\"https:\\\/\\\/www.usta-aalen.de\\\/veranstaltungen\\\/\"},{\"@type\":\"ListItem\",\"position\":3,\"name\":\"Kino\"}]},{\"@type\":\"WebSite\",\"@id\":\"https:\\\/\\\/www.usta-aalen.de\\\/#website\",\"url\":\"https:\\\/\\\/www.usta-aalen.de\\\/\",\"name\":\"UStA - Hochschule Aalen\",\"description\":\"Website of UStA - Hochschule Aalen\",\"potentialAction\":[{\"@type\":\"SearchAction\",\"target\":{\"@type\":\"EntryPoint\",\"urlTemplate\":\"https:\\\/\\\/www.usta-aalen.de\\\/?s={search_term_string}\"},\"query-input\":{\"@type\":\"PropertyValueSpecification\",\"valueRequired\":true,\"valueName\":\"search_term_string\"}}],\"inLanguage\":\"en-US\"}]}<\/script>\n<!-- \/ Yoast SEO plugin. -->","yoast_head_json":{"title":"Kino - UStA - Hochschule Aalen","robots":{"index":"index","follow":"follow","max-snippet":"max-snippet:-1","max-image-preview":"max-image-preview:large","max-video-preview":"max-video-preview:-1"},"canonical":"https:\/\/www.usta-aalen.de\/veranstaltungen\/kino\/","og_locale":"en_US","og_type":"article","og_title":"Kino - UStA - Hochschule Aalen","og_url":"https:\/\/www.usta-aalen.de\/veranstaltungen\/kino\/","og_site_name":"UStA - Hochschule Aalen","article_modified_time":"2023-10-07T17:46:23+00:00","twitter_card":"summary_large_image","twitter_misc":{"Est. reading time":"2 minutes"},"schema":{"@context":"https:\/\/schema.org","@graph":[{"@type":"WebPage","@id":"https:\/\/www.usta-aalen.de\/veranstaltungen\/kino\/","url":"https:\/\/www.usta-aalen.de\/veranstaltungen\/kino\/","name":"Kino - UStA - Hochschule Aalen","isPartOf":{"@id":"https:\/\/www.usta-aalen.de\/#website"},"datePublished":"2017-05-06T16:34:49+00:00","dateModified":"2023-10-07T17:46:23+00:00","breadcrumb":{"@id":"https:\/\/www.usta-aalen.de\/veranstaltungen\/kino\/#breadcrumb"},"inLanguage":"en-US","potentialAction":[{"@type":"ReadAction","target":["https:\/\/www.usta-aalen.de\/veranstaltungen\/kino\/"]}]},{"@type":"BreadcrumbList","@id":"https:\/\/www.usta-aalen.de\/veranstaltungen\/kino\/#breadcrumb","itemListElement":[{"@type":"ListItem","position":1,"name":"Startseite","item":"https:\/\/www.usta-aalen.de\/"},{"@type":"ListItem","position":2,"name":"Veranstaltungen","item":"https:\/\/www.usta-aalen.de\/veranstaltungen\/"},{"@type":"ListItem","position":3,"name":"Kino"}]},{"@type":"WebSite","@id":"https:\/\/www.usta-aalen.de\/#website","url":"https:\/\/www.usta-aalen.de\/","name":"UStA - Hochschule Aalen","description":"Website of UStA - Hochschule Aalen","potentialAction":[{"@type":"SearchAction","target":{"@type":"EntryPoint","urlTemplate":"https:\/\/www.usta-aalen.de\/?s={search_term_string}"},"query-input":{"@type":"PropertyValueSpecification","valueRequired":true,"valueName":"search_term_string"}}],"inLanguage":"en-US"}]}},"_links":{"self":[{"href":"https:\/\/www.usta-aalen.de\/en\/wp-json\/wp\/v2\/pages\/38","targetHints":{"allow":["GET"]}}],"collection":[{"href":"https:\/\/www.usta-aalen.de\/en\/wp-json\/wp\/v2\/pages"}],"about":[{"href":"https:\/\/www.usta-aalen.de\/en\/wp-json\/wp\/v2\/types\/page"}],"author":[{"embeddable":true,"href":"https:\/\/www.usta-aalen.de\/en\/wp-json\/wp\/v2\/users\/8"}],"replies":[{"embeddable":true,"href":"https:\/\/www.usta-aalen.de\/en\/wp-json\/wp\/v2\/comments?post=38"}],"version-history":[{"count":100,"href":"https:\/\/www.usta-aalen.de\/en\/wp-json\/wp\/v2\/pages\/38\/revisions"}],"predecessor-version":[{"id":6919,"href":"https:\/\/www.usta-aalen.de\/en\/wp-json\/wp\/v2\/pages\/38\/revisions\/6919"}],"up":[{"embeddable":true,"href":"https:\/\/www.usta-aalen.de\/en\/wp-json\/wp\/v2\/pages\/96"}],"wp:attachment":[{"href":"https:\/\/www.usta-aalen.de\/en\/wp-json\/wp\/v2\/media?parent=38"}],"curies":[{"name":"wp","href":"https:\/\/api.w.org\/{rel}","templated":true}]}}