{"id":17,"date":"2017-05-06T09:58:44","date_gmt":"2017-05-06T09:58:44","guid":{"rendered":"https:\/\/www.usta-aalen.de\/?page_id=17"},"modified":"2020-01-13T12:34:38","modified_gmt":"2020-01-13T11:34:38","slug":"fuer-ersties","status":"publish","type":"page","link":"https:\/\/www.usta-aalen.de\/en\/fuer-ersties\/","title":{"rendered":"F\u00fcr Ersties"},"content":{"rendered":"<section class=\"l-section wpb_row height_auto color_primary type_sticky\"><div class=\"l-section-h i-cf\"><div class=\"g-cols vc_row via_flex valign_top type_default stacking_default\"><div class=\"vc_col-sm-12 wpb_column vc_column_container\"><div class=\"vc_column-inner\"><div class=\"wpb_wrapper\"><nav class=\"w-menu layout_hor style_blocks not_responsive align_center us_menu_1\" style=\"--main-ver-indent:0.8em;--main-hor-indent:0.8em;--main-color:rgba(255,255,255,0.66);--main-hover-color:#fff;--main-active-color:#fff;\"><ul id=\"menu-fuer-ersties-untermenue\" class=\"menu\"><li id=\"menu-item-194\" class=\"menu-item menu-item-type-custom menu-item-object-custom menu-item-194\"><a href=\"#Erstie-Tag\">Erstie-Tag<\/a><\/li><li id=\"menu-item-195\" class=\"menu-item menu-item-type-custom menu-item-object-custom menu-item-195\"><a href=\"#Erstie-Heft\">Erstie-Heft<\/a><\/li><li id=\"menu-item-196\" class=\"menu-item menu-item-type-custom menu-item-object-custom menu-item-196\"><a href=\"#Kneipentour\">Kneipentour<\/a><\/li><\/ul><\/nav><\/div><\/div><\/div><\/div><\/div><\/section><section class=\"l-section wpb_row height_large\" id=\"Erstie-Tag\"><div class=\"l-section-h i-cf\"><div class=\"g-cols vc_row via_flex valign_top type_default stacking_default\"><div class=\"vc_col-sm-12 wpb_column vc_column_container\"><div class=\"vc_column-inner\"><div class=\"wpb_wrapper\"><div class=\"w-separator size_large with_line width_30 thick_1 style_solid color_border align_center with_text with_content\"><div class=\"w-separator-h\"><h2 class=\"w-separator-text\"><span>Erstie-Tag<\/span><\/h2><\/div><\/div><div class=\"g-cols wpb_row via_flex valign_middle type_default stacking_default\"><div class=\"vc_col-sm-3 wpb_column vc_column_container\"><div class=\"vc_column-inner\"><div class=\"wpb_wrapper\"><div class=\"w-image align_none\"><div class=\"w-image-h\"><img decoding=\"async\" width=\"300\" height=\"300\" src=\"https:\/\/www.usta-aalen.de\/wp-content\/uploads\/2017\/05\/Erstie-Tag.jpg\" class=\"attachment-medium size-medium\" alt=\"\" loading=\"lazy\" srcset=\"https:\/\/www.usta-aalen.de\/wp-content\/uploads\/2017\/05\/Erstie-Tag.jpg 300w, https:\/\/www.usta-aalen.de\/wp-content\/uploads\/2017\/05\/Erstie-Tag-150x150.jpg 150w\" sizes=\"auto, (max-width: 300px) 100vw, 300px\" \/><\/div><\/div><\/div><\/div><\/div><div class=\"vc_col-sm-9 wpb_column vc_column_container\"><div class=\"vc_column-inner\"><div class=\"wpb_wrapper\"><div class=\"wpb_text_column\"><div class=\"wpb_wrapper\"><p>Unverzichtbarer Bestandteil jedes Erstsemestertages sind die von uns organisierten und koordinierten Erstie-F\u00fchrungen. Wir holen euch nach der offiziellen Semesterer\u00f6ffnung ab und zeigen euch den kompletten Campus \u2013 Mittagessen inklusive.<\/p>\n<\/div><\/div><div class=\"wpb_text_column\"><div class=\"wpb_wrapper\"><p><em><span style=\"color: #d9dadb;\">UStA Aalen e.V.<\/span><\/em><\/p>\n<\/div><\/div><\/div><\/div><\/div><\/div><\/div><\/div><\/div><\/div><\/div><\/section><section class=\"l-section wpb_row height_large color_alternate\" id=\"Erstie-Heft\"><div class=\"l-section-h i-cf\"><div class=\"g-cols vc_row via_flex valign_top type_default stacking_default\"><div class=\"vc_col-sm-12 wpb_column vc_column_container\"><div class=\"vc_column-inner\"><div class=\"wpb_wrapper\"><div class=\"w-separator size_large with_line width_30 thick_1 style_solid color_border align_center with_text with_content\"><div class=\"w-separator-h\"><h2 class=\"w-separator-text\"><span>Erstie-Heft<\/span><\/h2><\/div><\/div><div class=\"g-cols wpb_row via_flex valign_middle type_default stacking_default\"><div class=\"vc_col-sm-8 wpb_column vc_column_container\"><div class=\"vc_column-inner\"><div class=\"wpb_wrapper\"><div class=\"wpb_text_column\"><div class=\"wpb_wrapper\"><p>Wer neu ist, braucht Orientierung. Das Erstsemesterheft ist unser Ratgeber f\u00fcr Studienanf\u00e4nger. Darin stellen wir euch die Hochschule Aalen und das Studierendenwerk Ulm genauer vor. Au\u00dferdem erkl\u00e4ren wir euch die vielen weiteren Angebote an der Hochschule \u2013 von der Bibliothek \u00fcbers Studium Generale bis hin zum Innovationszentrum. Im Erstie-Heft geben wir euch Tipps rund ums Studium und nat\u00fcrlich auch zu eurer Freizeit in der Studentenstadt Aalen.<\/p>\n<\/div><\/div><div class=\"wpb_text_column\"><div class=\"wpb_wrapper\"><p><span style=\"color: #d9dadb;\"><em>UStA Aalen e.V.<\/em><\/span><\/p>\n<\/div><\/div><\/div><\/div><\/div><div class=\"vc_col-sm-4 wpb_column vc_column_container\"><div class=\"vc_column-inner\"><div class=\"wpb_wrapper\"><div class=\"w-image align_none\"><div class=\"w-image-h\"><img decoding=\"async\" width=\"600\" height=\"400\" src=\"https:\/\/www.usta-aalen.de\/wp-content\/uploads\/2017\/10\/Erstsemester_Cover_WiSe201718-600x400.png\" class=\"attachment-us_600_0 size-us_600_0\" alt=\"\" loading=\"lazy\" srcset=\"https:\/\/www.usta-aalen.de\/wp-content\/uploads\/2017\/10\/Erstsemester_Cover_WiSe201718-600x400.png 600w, https:\/\/www.usta-aalen.de\/wp-content\/uploads\/2017\/10\/Erstsemester_Cover_WiSe201718-300x200.png 300w, https:\/\/www.usta-aalen.de\/wp-content\/uploads\/2017\/10\/Erstsemester_Cover_WiSe201718-768x512.png 768w, https:\/\/www.usta-aalen.de\/wp-content\/uploads\/2017\/10\/Erstsemester_Cover_WiSe201718-1024x683.png 1024w, https:\/\/www.usta-aalen.de\/wp-content\/uploads\/2017\/10\/Erstsemester_Cover_WiSe201718.png 1200w\" sizes=\"auto, (max-width: 600px) 100vw, 600px\" \/><\/div><\/div><\/div><\/div><\/div><\/div><\/div><\/div><\/div><\/div><\/div><\/section><section class=\"l-section wpb_row height_large\" id=\"Kneipentour\"><div class=\"l-section-h i-cf\"><div class=\"g-cols vc_row via_flex valign_top type_default stacking_default\"><div class=\"vc_col-sm-12 wpb_column vc_column_container\"><div class=\"vc_column-inner\"><div class=\"wpb_wrapper\"><div class=\"w-separator size_large with_line width_30 thick_1 style_solid color_border align_center with_text with_content\"><div class=\"w-separator-h\"><h2 class=\"w-separator-text\"><span>Kneipentour<\/span><\/h2><\/div><\/div><div class=\"g-cols wpb_row via_flex valign_middle type_default stacking_default\"><div class=\"vc_col-sm-3 wpb_column vc_column_container\"><div class=\"vc_column-inner\"><div class=\"wpb_wrapper\"><div class=\"w-image align_none\"><div class=\"w-image-h\"><img decoding=\"async\" width=\"300\" height=\"300\" src=\"https:\/\/www.usta-aalen.de\/wp-content\/uploads\/2018\/03\/20180314_kneipentour-300x300.png\" class=\"attachment-medium size-medium\" alt=\"\" loading=\"lazy\" srcset=\"https:\/\/www.usta-aalen.de\/wp-content\/uploads\/2018\/03\/20180314_kneipentour-300x300.png 300w, https:\/\/www.usta-aalen.de\/wp-content\/uploads\/2018\/03\/20180314_kneipentour-150x150.png 150w, https:\/\/www.usta-aalen.de\/wp-content\/uploads\/2018\/03\/20180314_kneipentour-768x768.png 768w, https:\/\/www.usta-aalen.de\/wp-content\/uploads\/2018\/03\/20180314_kneipentour-1024x1024.png 1024w, https:\/\/www.usta-aalen.de\/wp-content\/uploads\/2018\/03\/20180314_kneipentour-600x600.png 600w, https:\/\/www.usta-aalen.de\/wp-content\/uploads\/2018\/03\/20180314_kneipentour-350x350.png 350w, https:\/\/www.usta-aalen.de\/wp-content\/uploads\/2018\/03\/20180314_kneipentour.png 1240w\" sizes=\"auto, (max-width: 300px) 100vw, 300px\" \/><\/div><\/div><\/div><\/div><\/div><div class=\"vc_col-sm-9 wpb_column vc_column_container\"><div class=\"vc_column-inner\"><div class=\"wpb_wrapper\"><div class=\"wpb_text_column\"><div class=\"wpb_wrapper\"><p>Nirgends lernt ihr schneller neue Leute kennen, als bei der Ersti-Kneipentour. Gemeinsam ziehen wir durch die Bars und Kneipen von Aalen, zeigen euch unsere Geheimtipps. F\u00fcr uns selbst ist die Kneipentour dabei weit mehr als das \u2013 denn wir nutzen sie nicht zuletzt auch daf\u00fcr, euch von dem, was wir tun, zu \u00fcberzeugen und euch als neue Mitglieder zu gewinnen.<\/p>\n<\/div><\/div><div class=\"wpb_text_column\"><div class=\"wpb_wrapper\"><p><em><span style=\"color: #d9dadb;\">UStA Aalen e.V.<\/span><\/em><\/p>\n<\/div><\/div><\/div><\/div><\/div><\/div><\/div><\/div><\/div><\/div><\/div><\/section>\n","protected":false},"excerpt":{"rendered":"Erstie-TagErstie-HeftKneipentourErstie-TagUnverzichtbarer Bestandteil jedes Erstsemestertages sind die von uns organisierten und koordinierten Erstie-F\u00fchrungen. Wir holen euch nach der offiziellen Semesterer\u00f6ffnung ab und zeigen euch den kompletten Campus \u2013 Mittagessen inklusive. UStA Aalen e.V. Erstie-HeftWer neu ist, braucht Orientierung. Das Erstsemesterheft ist unser Ratgeber f\u00fcr Studienanf\u00e4nger. Darin stellen wir euch die Hochschule Aalen und das Studierendenwerk Ulm...","protected":false},"author":8,"featured_media":0,"parent":0,"menu_order":0,"comment_status":"closed","ping_status":"closed","template":"","meta":{"footnotes":""},"class_list":["post-17","page","type-page","status-publish","hentry"],"translation":{"provider":"WPGlobus","version":"3.0.2","language":"en","enabled_languages":["de","en"],"languages":{"de":{"title":true,"content":true,"excerpt":false},"en":{"title":false,"content":false,"excerpt":false}}},"yoast_head":"<!-- This site is optimized with the Yoast SEO plugin v27.6 - https:\/\/yoast.com\/product\/yoast-seo-wordpress\/ -->\n<title>UStA - Hochschule Aalen - alles f\u00fcr Ersties! Von Studierenden.<\/title>\n<meta name=\"robots\" content=\"index, follow, max-snippet:-1, max-image-preview:large, max-video-preview:-1\" \/>\n<link rel=\"canonical\" href=\"https:\/\/www.usta-aalen.de\/fuer-ersties\/\" \/>\n<meta property=\"og:locale\" content=\"en_US\" \/>\n<meta property=\"og:type\" content=\"article\" \/>\n<meta property=\"og:title\" content=\"F\u00fcr Ersties - UStA - Hochschule Aalen\" \/>\n<meta property=\"og:url\" content=\"https:\/\/www.usta-aalen.de\/fuer-ersties\/\" \/>\n<meta property=\"og:site_name\" content=\"UStA - Hochschule Aalen\" \/>\n<meta property=\"article:modified_time\" content=\"2020-01-13T11:34:38+00:00\" \/>\n<meta name=\"twitter:card\" content=\"summary_large_image\" \/>\n<meta name=\"twitter:label1\" content=\"Est. reading time\" \/>\n\t<meta name=\"twitter:data1\" content=\"2 minutes\" \/>\n<script type=\"application\/ld+json\" class=\"yoast-schema-graph\">{\"@context\":\"https:\\\/\\\/schema.org\",\"@graph\":[{\"@type\":\"WebPage\",\"@id\":\"https:\\\/\\\/www.usta-aalen.de\\\/fuer-ersties\\\/\",\"url\":\"https:\\\/\\\/www.usta-aalen.de\\\/fuer-ersties\\\/\",\"name\":\"UStA - Hochschule Aalen - alles f\u00fcr Ersties! Von Studierenden.\",\"isPartOf\":{\"@id\":\"https:\\\/\\\/www.usta-aalen.de\\\/#website\"},\"datePublished\":\"2017-05-06T09:58:44+00:00\",\"dateModified\":\"2020-01-13T11:34:38+00:00\",\"description\":\"Unabh\u00e4ngig und selbstst\u00e4ndig, engagiert und aktiv: Das ist der UStA \u2013 Hochschule Aalen. Alles rund ums Studieren in Aalen. Sprecht uns einfach an!\",\"breadcrumb\":{\"@id\":\"https:\\\/\\\/www.usta-aalen.de\\\/fuer-ersties\\\/#breadcrumb\"},\"inLanguage\":\"en-US\",\"potentialAction\":[{\"@type\":\"ReadAction\",\"target\":[\"https:\\\/\\\/www.usta-aalen.de\\\/fuer-ersties\\\/\"]}]},{\"@type\":\"BreadcrumbList\",\"@id\":\"https:\\\/\\\/www.usta-aalen.de\\\/fuer-ersties\\\/#breadcrumb\",\"itemListElement\":[{\"@type\":\"ListItem\",\"position\":1,\"name\":\"Startseite\",\"item\":\"https:\\\/\\\/www.usta-aalen.de\\\/\"},{\"@type\":\"ListItem\",\"position\":2,\"name\":\"F\u00fcr Ersties\"}]},{\"@type\":\"WebSite\",\"@id\":\"https:\\\/\\\/www.usta-aalen.de\\\/#website\",\"url\":\"https:\\\/\\\/www.usta-aalen.de\\\/\",\"name\":\"UStA - Hochschule Aalen\",\"description\":\"Website of UStA - Hochschule Aalen\",\"potentialAction\":[{\"@type\":\"SearchAction\",\"target\":{\"@type\":\"EntryPoint\",\"urlTemplate\":\"https:\\\/\\\/www.usta-aalen.de\\\/?s={search_term_string}\"},\"query-input\":{\"@type\":\"PropertyValueSpecification\",\"valueRequired\":true,\"valueName\":\"search_term_string\"}}],\"inLanguage\":\"en-US\"}]}<\/script>\n<!-- \/ Yoast SEO plugin. -->","yoast_head_json":{"title":"UStA - Hochschule Aalen - alles f\u00fcr Ersties! Von Studierenden.","robots":{"index":"index","follow":"follow","max-snippet":"max-snippet:-1","max-image-preview":"max-image-preview:large","max-video-preview":"max-video-preview:-1"},"canonical":"https:\/\/www.usta-aalen.de\/fuer-ersties\/","og_locale":"en_US","og_type":"article","og_title":"F\u00fcr Ersties - UStA - Hochschule Aalen","og_url":"https:\/\/www.usta-aalen.de\/fuer-ersties\/","og_site_name":"UStA - Hochschule Aalen","article_modified_time":"2020-01-13T11:34:38+00:00","twitter_card":"summary_large_image","twitter_misc":{"Est. reading time":"2 minutes"},"schema":{"@context":"https:\/\/schema.org","@graph":[{"@type":"WebPage","@id":"https:\/\/www.usta-aalen.de\/fuer-ersties\/","url":"https:\/\/www.usta-aalen.de\/fuer-ersties\/","name":"UStA - Hochschule Aalen - alles f\u00fcr Ersties! Von Studierenden.","isPartOf":{"@id":"https:\/\/www.usta-aalen.de\/#website"},"datePublished":"2017-05-06T09:58:44+00:00","dateModified":"2020-01-13T11:34:38+00:00","description":"Unabh\u00e4ngig und selbstst\u00e4ndig, engagiert und aktiv: Das ist der UStA \u2013 Hochschule Aalen. Alles rund ums Studieren in Aalen. Sprecht uns einfach an!","breadcrumb":{"@id":"https:\/\/www.usta-aalen.de\/fuer-ersties\/#breadcrumb"},"inLanguage":"en-US","potentialAction":[{"@type":"ReadAction","target":["https:\/\/www.usta-aalen.de\/fuer-ersties\/"]}]},{"@type":"BreadcrumbList","@id":"https:\/\/www.usta-aalen.de\/fuer-ersties\/#breadcrumb","itemListElement":[{"@type":"ListItem","position":1,"name":"Startseite","item":"https:\/\/www.usta-aalen.de\/"},{"@type":"ListItem","position":2,"name":"F\u00fcr Ersties"}]},{"@type":"WebSite","@id":"https:\/\/www.usta-aalen.de\/#website","url":"https:\/\/www.usta-aalen.de\/","name":"UStA - Hochschule Aalen","description":"Website of UStA - Hochschule Aalen","potentialAction":[{"@type":"SearchAction","target":{"@type":"EntryPoint","urlTemplate":"https:\/\/www.usta-aalen.de\/?s={search_term_string}"},"query-input":{"@type":"PropertyValueSpecification","valueRequired":true,"valueName":"search_term_string"}}],"inLanguage":"en-US"}]}},"_links":{"self":[{"href":"https:\/\/www.usta-aalen.de\/en\/wp-json\/wp\/v2\/pages\/17","targetHints":{"allow":["GET"]}}],"collection":[{"href":"https:\/\/www.usta-aalen.de\/en\/wp-json\/wp\/v2\/pages"}],"about":[{"href":"https:\/\/www.usta-aalen.de\/en\/wp-json\/wp\/v2\/types\/page"}],"author":[{"embeddable":true,"href":"https:\/\/www.usta-aalen.de\/en\/wp-json\/wp\/v2\/users\/8"}],"replies":[{"embeddable":true,"href":"https:\/\/www.usta-aalen.de\/en\/wp-json\/wp\/v2\/comments?post=17"}],"version-history":[{"count":38,"href":"https:\/\/www.usta-aalen.de\/en\/wp-json\/wp\/v2\/pages\/17\/revisions"}],"predecessor-version":[{"id":7823,"href":"https:\/\/www.usta-aalen.de\/en\/wp-json\/wp\/v2\/pages\/17\/revisions\/7823"}],"wp:attachment":[{"href":"https:\/\/www.usta-aalen.de\/en\/wp-json\/wp\/v2\/media?parent=17"}],"curies":[{"name":"wp","href":"https:\/\/api.w.org\/{rel}","templated":true}]}}